{"id":232442,"date":"2022-10-04T04:04:15","date_gmt":"2022-10-04T03:04:15","guid":{"rendered":"https:\/\/lipanovic.webkodeks.hr\/proizvod\/mezot\/"},"modified":"2023-02-28T16:18:17","modified_gmt":"2023-02-28T15:18:17","slug":"mezot","status":"publish","type":"product","link":"https:\/\/lipanovic.com\/en\/product\/mezot\/","title":{"rendered":"Mezot"},"content":{"rendered":"","protected":false},"excerpt":{"rendered":"<p>Our mezot combines the best characteristics of the Vis white varieties: vugava dominates but manages harmonious cooperation with indigenous varieties such as kurtelo\u0161ka, rukatac, palaru\u0161a and ku\u010da. The result is an enticing fresh and fruity wine with a light taste that is drunk as a passionate, loving homage to winemakers from ancient times. And those ancient ones were our grandfathers and great-grandfathers and their great-grandfathers who grew different varieties of grapes and made wonderful blends from them. They would be very proud of this contemporary one!<\/p>\n<p><b>Harvest year: <\/b><span style=\"font-weight: 400;\">2022<br \/>\n<\/span><b>Alcohol: <\/b><span style=\"font-weight: 400;\">13%<\/span><b><br \/>\n<\/b><b>Wine-growing subregion: <\/b>Central Dalmatia, island of Vis<span style=\"font-weight: 400;\"><br \/>\n<\/span><b>Volume: <\/b><span style=\"font-weight: 400;\">0.75 l<\/span><\/p>\n","protected":false},"featured_media":232457,"template":"","meta":{"_et_pb_use_builder":"","_et_pb_old_content":"","_et_gb_content_width":""},"product_cat":[66],"product_tag":[],"yoast_head":"<!-- This site is optimized with the Yoast SEO plugin v19.11 - https:\/\/yoast.com\/wordpress\/plugins\/seo\/ -->\n<title>Mezot - Vinarija Lipanovi\u0107<\/title>\n<meta name=\"robots\" content=\"index, follow, max-snippet:-1, max-image-preview:large, max-video-preview:-1\" \/>\n<link rel=\"canonical\" href=\"https:\/\/lipanovic.com\/en\/product\/mezot\/\" \/>\n<meta property=\"og:locale\" content=\"en_US\" \/>\n<meta property=\"og:type\" content=\"article\" \/>\n<meta property=\"og:title\" content=\"Mezot - Vinarija Lipanovi\u0107\" \/>\n<meta property=\"og:description\" content=\"Our mezot combines the best characteristics of the Vis white varieties: vugava dominates but manages harmonious cooperation with indigenous varieties such as kurtelo\u0161ka, rukatac, palaru\u0161a and ku\u010da. The result is an enticing fresh and fruity wine with a light taste that is drunk as a passionate, loving homage to winemakers from ancient times. And those ancient ones were our grandfathers and great-grandfathers and their great-grandfathers who grew different varieties of grapes and made wonderful blends from them. They would be very proud of this contemporary one! Harvest year: 2022 Alcohol: 13% Wine-growing subregion: Central Dalmatia, island of Vis Volume: 0.75 l\" \/>\n<meta property=\"og:url\" content=\"https:\/\/lipanovic.com\/en\/product\/mezot\/\" \/>\n<meta property=\"og:site_name\" content=\"Vinarija Lipanovi\u0107\" \/>\n<meta property=\"article:modified_time\" content=\"2023-02-28T15:18:17+00:00\" \/>\n<meta property=\"og:image\" content=\"https:\/\/lipanovic.com\/wp-content\/uploads\/2022\/10\/Mezot-2.jpg\" \/>\n\t<meta property=\"og:image:width\" content=\"800\" \/>\n\t<meta property=\"og:image:height\" content=\"800\" \/>\n\t<meta property=\"og:image:type\" content=\"image\/jpeg\" \/>\n<meta name=\"twitter:card\" content=\"summary_large_image\" \/>\n<script type=\"application\/ld+json\" class=\"yoast-schema-graph\">{\"@context\":\"https:\/\/schema.org\",\"@graph\":[{\"@type\":\"WebPage\",\"@id\":\"https:\/\/lipanovic.com\/en\/product\/mezot\/\",\"url\":\"https:\/\/lipanovic.com\/en\/product\/mezot\/\",\"name\":\"Mezot - Vinarija Lipanovi\u0107\",\"isPartOf\":{\"@id\":\"https:\/\/lipanovic.com\/#website\"},\"datePublished\":\"2022-10-04T03:04:15+00:00\",\"dateModified\":\"2023-02-28T15:18:17+00:00\",\"breadcrumb\":{\"@id\":\"https:\/\/lipanovic.com\/en\/product\/mezot\/#breadcrumb\"},\"inLanguage\":\"en-US\",\"potentialAction\":[{\"@type\":\"ReadAction\",\"target\":[\"https:\/\/lipanovic.com\/en\/product\/mezot\/\"]}]},{\"@type\":\"BreadcrumbList\",\"@id\":\"https:\/\/lipanovic.com\/en\/product\/mezot\/#breadcrumb\",\"itemListElement\":[{\"@type\":\"ListItem\",\"position\":1,\"name\":\"Po\u010detna stranica\",\"item\":\"https:\/\/lipanovic.com\/en\/\"},{\"@type\":\"ListItem\",\"position\":2,\"name\":\"Shop\",\"item\":\"https:\/\/lipanovic.com\/en\/shop\/\"},{\"@type\":\"ListItem\",\"position\":3,\"name\":\"Mezot\"}]},{\"@type\":\"WebSite\",\"@id\":\"https:\/\/lipanovic.com\/#website\",\"url\":\"https:\/\/lipanovic.com\/\",\"name\":\"Vinarija Lipanovi\u0107\",\"description\":\"\",\"potentialAction\":[{\"@type\":\"SearchAction\",\"target\":{\"@type\":\"EntryPoint\",\"urlTemplate\":\"https:\/\/lipanovic.com\/?s={search_term_string}\"},\"query-input\":\"required name=search_term_string\"}],\"inLanguage\":\"en-US\"}]}<\/script>\n<!-- \/ Yoast SEO plugin. -->","yoast_head_json":{"title":"Mezot - Vinarija Lipanovi\u0107","robots":{"index":"index","follow":"follow","max-snippet":"max-snippet:-1","max-image-preview":"max-image-preview:large","max-video-preview":"max-video-preview:-1"},"canonical":"https:\/\/lipanovic.com\/en\/product\/mezot\/","og_locale":"en_US","og_type":"article","og_title":"Mezot - Vinarija Lipanovi\u0107","og_description":"Our mezot combines the best characteristics of the Vis white varieties: vugava dominates but manages harmonious cooperation with indigenous varieties such as kurtelo\u0161ka, rukatac, palaru\u0161a and ku\u010da. The result is an enticing fresh and fruity wine with a light taste that is drunk as a passionate, loving homage to winemakers from ancient times. And those ancient ones were our grandfathers and great-grandfathers and their great-grandfathers who grew different varieties of grapes and made wonderful blends from them. They would be very proud of this contemporary one! Harvest year: 2022 Alcohol: 13% Wine-growing subregion: Central Dalmatia, island of Vis Volume: 0.75 l","og_url":"https:\/\/lipanovic.com\/en\/product\/mezot\/","og_site_name":"Vinarija Lipanovi\u0107","article_modified_time":"2023-02-28T15:18:17+00:00","og_image":[{"width":800,"height":800,"url":"https:\/\/lipanovic.com\/wp-content\/uploads\/2022\/10\/Mezot-2.jpg","type":"image\/jpeg"}],"twitter_card":"summary_large_image","schema":{"@context":"https:\/\/schema.org","@graph":[{"@type":"WebPage","@id":"https:\/\/lipanovic.com\/en\/product\/mezot\/","url":"https:\/\/lipanovic.com\/en\/product\/mezot\/","name":"Mezot - Vinarija Lipanovi\u0107","isPartOf":{"@id":"https:\/\/lipanovic.com\/#website"},"datePublished":"2022-10-04T03:04:15+00:00","dateModified":"2023-02-28T15:18:17+00:00","breadcrumb":{"@id":"https:\/\/lipanovic.com\/en\/product\/mezot\/#breadcrumb"},"inLanguage":"en-US","potentialAction":[{"@type":"ReadAction","target":["https:\/\/lipanovic.com\/en\/product\/mezot\/"]}]},{"@type":"BreadcrumbList","@id":"https:\/\/lipanovic.com\/en\/product\/mezot\/#breadcrumb","itemListElement":[{"@type":"ListItem","position":1,"name":"Po\u010detna stranica","item":"https:\/\/lipanovic.com\/en\/"},{"@type":"ListItem","position":2,"name":"Shop","item":"https:\/\/lipanovic.com\/en\/shop\/"},{"@type":"ListItem","position":3,"name":"Mezot"}]},{"@type":"WebSite","@id":"https:\/\/lipanovic.com\/#website","url":"https:\/\/lipanovic.com\/","name":"Vinarija Lipanovi\u0107","description":"","potentialAction":[{"@type":"SearchAction","target":{"@type":"EntryPoint","urlTemplate":"https:\/\/lipanovic.com\/?s={search_term_string}"},"query-input":"required name=search_term_string"}],"inLanguage":"en-US"}]}},"_links":{"self":[{"href":"https:\/\/lipanovic.com\/en\/wp-json\/wp\/v2\/product\/232442"}],"collection":[{"href":"https:\/\/lipanovic.com\/en\/wp-json\/wp\/v2\/product"}],"about":[{"href":"https:\/\/lipanovic.com\/en\/wp-json\/wp\/v2\/types\/product"}],"wp:featuredmedia":[{"embeddable":true,"href":"https:\/\/lipanovic.com\/en\/wp-json\/wp\/v2\/media\/232457"}],"wp:attachment":[{"href":"https:\/\/lipanovic.com\/en\/wp-json\/wp\/v2\/media?parent=232442"}],"wp:term":[{"taxonomy":"product_cat","embeddable":true,"href":"https:\/\/lipanovic.com\/en\/wp-json\/wp\/v2\/product_cat?post=232442"},{"taxonomy":"product_tag","embeddable":true,"href":"https:\/\/lipanovic.com\/en\/wp-json\/wp\/v2\/product_tag?post=232442"}],"curies":[{"name":"wp","href":"https:\/\/api.w.org\/{rel}","templated":true}]}}