{"id":232206,"date":"2022-08-12T05:46:11","date_gmt":"2022-08-12T04:46:11","guid":{"rendered":"https:\/\/lipanovic.webkodeks.hr\/taste-vis\/"},"modified":"2026-03-21T06:44:47","modified_gmt":"2026-03-21T05:44:47","slug":"taste-vis","status":"publish","type":"page","link":"https:\/\/lipanovic.com\/en\/taste-vis\/","title":{"rendered":"Taste Vis"},"content":{"rendered":"<p>[et_pb_section fb_built=&#8221;1&#8243; _builder_version=&#8221;4.17.4&#8243; use_background_color_gradient=&#8221;on&#8221; background_color_gradient_stops=&#8221;rgba(0,0,0,0.34) 0%|rgba(0,0,0,0.34) 100%&#8221; background_color_gradient_overlays_image=&#8221;on&#8221; background_image=&#8221;https:\/\/lipanovic.com\/wp-content\/uploads\/2022\/08\/Taste-Vis-1.jpg&#8221; custom_padding=&#8221;85px||85px||true|&#8221; global_colors_info=&#8221;{}&#8221;][et_pb_row use_custom_gutter=&#8221;on&#8221; gutter_width=&#8221;2&#8243; make_equal=&#8221;on&#8221; _builder_version=&#8221;4.17.4&#8243; width_tablet=&#8221;90%&#8221; width_phone=&#8221;90%&#8221; width_last_edited=&#8221;on|tablet&#8221; max_width=&#8221;80%&#8221; max_width_tablet=&#8221;90%&#8221; max_width_phone=&#8221;90%&#8221; max_width_last_edited=&#8221;on|phone&#8221; custom_padding=&#8221;100px||100px||true|false&#8221; global_colors_info=&#8221;{}&#8221;][et_pb_column type=&#8221;4_4&#8243; _builder_version=&#8221;4.16&#8243; global_colors_info=&#8221;{}&#8221;][et_pb_text _builder_version=&#8221;4.17.4&#8243; text_font=&#8221;||||||||&#8221; text_text_color=&#8221;#ffffff&#8221; text_font_size=&#8221;16px&#8221; text_line_height=&#8221;1em&#8221; header_2_font=&#8221;Lora|||on|||||&#8221; header_2_text_align=&#8221;center&#8221; header_2_text_color=&#8221;#FFFFFF&#8221; header_2_font_size=&#8221;20px&#8221; header_2_letter_spacing=&#8221;6px&#8221; text_orientation=&#8221;center&#8221; custom_margin=&#8221;||-5px|||&#8221; animation_style=&#8221;slide&#8221; animation_direction=&#8221;bottom&#8221; global_colors_info=&#8221;{}&#8221;]<\/p>\n<h2>BASIC VIS WINE EXPERIENCE<\/h2>\n<p>[\/et_pb_text][et_pb_text _builder_version=&#8221;4.17.4&#8243; header_font=&#8221;Lora|300|||||||&#8221; header_text_align=&#8221;center&#8221; header_text_color=&#8221;#FFFFFF&#8221; header_font_size=&#8221;75px&#8221; header_line_height=&#8221;1.3em&#8221; header_2_font=&#8221;Parisienne||||||||&#8221; header_2_text_align=&#8221;center&#8221; header_2_text_color=&#8221;#FFFFFF&#8221; header_2_font_size=&#8221;75px&#8221; module_alignment=&#8221;center&#8221; custom_margin=&#8221;19px||||false|false&#8221; custom_margin_tablet=&#8221;-10px||||false|false&#8221; custom_margin_phone=&#8221;-10px||||false|false&#8221; custom_margin_last_edited=&#8221;on|phone&#8221; animation_style=&#8221;slide&#8221; animation_direction=&#8221;bottom&#8221; animation_delay=&#8221;200ms&#8221; header_font_size_tablet=&#8221;45px&#8221; header_font_size_phone=&#8221;40px&#8221; header_font_size_last_edited=&#8221;on|phone&#8221; custom_css_main_element=&#8221;font-family: %22Kurziv%22, Sans-serif !important;&#8221; global_colors_info=&#8221;{}&#8221;]<\/p>\n<h1>Taste Vis<\/h1>\n<p>[\/et_pb_text][\/et_pb_column][\/et_pb_row][\/et_pb_section][et_pb_section fb_built=&#8221;1&#8243; _builder_version=&#8221;4.17.4&#8243; _module_preset=&#8221;default&#8221; background_color=&#8221;#091133&#8243; background_enable_image=&#8221;off&#8221; background_size=&#8221;initial&#8221; custom_css_before=&#8221; content: %22%22;||      background-image: url(&#8216;https:\/\/lipanovic.com\/wp-content\/uploads\/2022\/08\/Vector.svg&#8217;);||      background-size: auto;||      position: absolute;||      top: 25%;||      right: 0px;||      bottom: 0px;||      left: 25%;||      opacity: 0.1;||background-repeat: no-repeat;&#8221; global_colors_info=&#8221;{}&#8221; custom_css_before__hover_enabled=&#8221;off|desktop&#8221;][et_pb_row make_equal=&#8221;on&#8221; _builder_version=&#8221;4.17.4&#8243; _module_preset=&#8221;default&#8221; max_width=&#8221;700px&#8221; global_colors_info=&#8221;{}&#8221;][et_pb_column type=&#8221;4_4&#8243; _builder_version=&#8221;4.17.4&#8243; _module_preset=&#8221;default&#8221; custom_padding=&#8221;||||false|false&#8221; global_colors_info=&#8221;{}&#8221;][et_pb_text _builder_version=&#8221;4.19.1&#8243; _module_preset=&#8221;default&#8221; header_2_font=&#8221;Lora|500|||||||&#8221; header_2_text_align=&#8221;left&#8221; header_2_text_color=&#8221;#FFFFFF&#8221; header_2_font_size=&#8221;45px&#8221; header_2_line_height=&#8221;1.4em&#8221; global_colors_info=&#8221;{}&#8221;]<\/p>\n<h2>TASTE VIS is a basic tasting of unique Vis wines where you can expect&#8230;<\/h2>\n<p>[\/et_pb_text][et_pb_text _builder_version=&#8221;4.20.2&#8243; _module_preset=&#8221;default&#8221; text_font=&#8221;Lora||||||||&#8221; text_text_color=&#8221;#FFFFFF&#8221; text_font_size=&#8221;18px&#8221; text_line_height=&#8221;2em&#8221; global_colors_info=&#8221;{}&#8221;]<\/p>\n<section class=\"ob-is-breaking-bad ob-bb-inner elementor-section elementor-inner-section elementor-element elementor-element-d70a70e elementor-section-boxed elementor-section-height-default elementor-section-height-default\" data-id=\"d70a70e\" data-element_type=\"section\" data-settings=\"{&quot;_ob_bbad_use_it&quot;:&quot;yes&quot;,&quot;_ob_bbad_sssic_use&quot;:&quot;no&quot;,&quot;_ob_glider_is_slider&quot;:&quot;no&quot;}\">\n<div class=\"elementor-container elementor-column-gap-default\">\n<div class=\"elementor-row\">\n<div class=\"elementor-column elementor-col-100 elementor-inner-column elementor-element elementor-element-5e8d63e\" data-id=\"5e8d63e\" data-element_type=\"column\" data-settings=\"{&quot;_ob_bbad_is_stalker&quot;:&quot;no&quot;,&quot;_ob_teleporter_use&quot;:false,&quot;_ob_column_hoveranimator&quot;:&quot;no&quot;,&quot;_ob_column_has_pseudo&quot;:&quot;no&quot;}\">\n<div class=\"elementor-column-wrap elementor-element-populated\">\n<div class=\"elementor-widget-wrap\">\n<div class=\"elementor-element elementor-element-be44ca6 ob-harakiri-inherit elementor-widget elementor-widget-text-editor\" data-id=\"be44ca6\" data-element_type=\"widget\" data-settings=\"{&quot;_ob_harakiri_writing_mode&quot;:&quot;inherit&quot;,&quot;_ob_perspektive_use&quot;:&quot;no&quot;,&quot;_ob_shadough_use&quot;:&quot;no&quot;,&quot;_ob_allow_hoveranimator&quot;:&quot;no&quot;,&quot;_ob_widget_stalker_use&quot;:&quot;no&quot;}\" data-widget_type=\"text-editor.default\">\n<div class=\"elementor-widget-container\">\n<div class=\"elementor-text-editor elementor-clearfix\">\n<p><b>A visit to the wine cellar<\/b><\/p>\n<p>Even amateurs, when it comes to knowledge about winemaking, will be delighted to wander around the only wine cellar in the world housed in a World War II military tunnel. The climatic properties and tunnel\u2019s impermeability to light provide ideal conditions for storing and preserving wine, and its turbulent and glorious past is full of interesting stories and anecdotes. We know them all!<\/p>\n<p><b>Expertly guided tasting<\/b><\/p>\n<p>Relax, enjoy and learn something new from a story about the unique Vis varieties and the 150-year-long history of the Lipanovi\u0107 Winery.<\/p>\n<p><b>Wine tasting<\/b><\/p>\n<p>Toast the sun, the sea, and the island, taste the iconic varieties of the millennial tradition of Vis winemaking!<\/p>\n<ul>\n<li>Vugava<\/li>\n<li aria-level=\"1\">Vi\u0161ki opol (ros\u00e9)<\/li>\n<li aria-level=\"1\">Plavac mali<\/li>\n<\/ul>\n<p><b>Vis platter<\/b><\/p>\n<p>Of course, we also made sure that each sip is accompanied by a selected bite of local Dalmatian delicacies. With Vis platter, your taste buds will be tickled by fish p\u00e2t\u00e9, salted and marinated anchovies, cheese selection, olives, caper buds, bread, and Lipanovi\u0107 olive oil.<\/p>\n<p><strong>Working hours: <\/strong>Monday \u2013 Sunday (4:00 pm \u2013 9:00 pm)<br \/><strong>Phone:<\/strong>\u00a0+385915472766<\/p>\n<\/div>\n<\/div>\n<\/div>\n<\/div>\n<\/div>\n<\/div>\n<\/div>\n<\/div>\n<\/section>\n<p>[\/et_pb_text][\/et_pb_column][\/et_pb_row][et_pb_row column_structure=&#8221;1_3,1_3,1_3&#8243; make_equal=&#8221;on&#8221; custom_padding_last_edited=&#8221;on|phone&#8221; _builder_version=&#8221;4.17.4&#8243; _module_preset=&#8221;default&#8221; background_color=&#8221;#FFFFFF&#8221; max_width=&#8221;70%&#8221; custom_padding=&#8221;|67px||0px|false|false&#8221; custom_padding_tablet=&#8221;|67px||0px|false|false&#8221; custom_padding_phone=&#8221;|10px||10px|false|true&#8221; global_colors_info=&#8221;{}&#8221;][et_pb_column type=&#8221;1_3&#8243; _builder_version=&#8221;4.17.4&#8243; _module_preset=&#8221;default&#8221; custom_padding=&#8221;||||false|false&#8221; global_colors_info=&#8221;{}&#8221;][et_pb_text _builder_version=&#8221;4.17.4&#8243; _module_preset=&#8221;default&#8221; text_font=&#8221;Lora||||||||&#8221; header_3_font=&#8221;Lora|700|||||||&#8221; header_3_text_align=&#8221;center&#8221; text_orientation=&#8221;center&#8221; global_colors_info=&#8221;{}&#8221;]<\/p>\n<div class=\"elementor-element elementor-element-6f6d8b9 elementor-vertical-align-middle elementor-widget__width-auto elementor-widget-mobile__width-inherit elementor-view-default elementor-widget elementor-widget-icon-box\" data-id=\"6f6d8b9\" data-element_type=\"widget\" data-settings=\"{&quot;_ob_perspektive_use&quot;:&quot;no&quot;,&quot;_ob_shadough_use&quot;:&quot;no&quot;,&quot;_ob_allow_hoveranimator&quot;:&quot;no&quot;,&quot;_ob_widget_stalker_use&quot;:&quot;no&quot;}\" data-widget_type=\"icon-box.default\">\n<div class=\"elementor-widget-container\">\n<div class=\"elementor-icon-box-wrapper\">\n<div class=\"elementor-icon-box-content\">\n<h3 class=\"elementor-icon-box-title\">Duration<\/h3>\n<p class=\"elementor-icon-box-description\">1 hour<\/p>\n<\/div>\n<\/div>\n<\/div>\n<\/div>\n<p>[\/et_pb_text][\/et_pb_column][et_pb_column type=&#8221;1_3&#8243; _builder_version=&#8221;4.17.4&#8243; _module_preset=&#8221;default&#8221; custom_padding=&#8221;||||false|false&#8221; global_colors_info=&#8221;{}&#8221;][et_pb_text _builder_version=&#8221;4.27.4&#8243; _module_preset=&#8221;default&#8221; text_font=&#8221;Lora||||||||&#8221; header_3_font=&#8221;Lora|700|||||||&#8221; header_3_text_align=&#8221;center&#8221; text_orientation=&#8221;center&#8221; hover_enabled=&#8221;0&#8243; global_colors_info=&#8221;{}&#8221; sticky_enabled=&#8221;0&#8243;]<\/p>\n<div class=\"elementor-element elementor-element-6f6d8b9 elementor-vertical-align-middle elementor-widget__width-auto elementor-widget-mobile__width-inherit elementor-view-default elementor-widget elementor-widget-icon-box\" data-id=\"6f6d8b9\" data-element_type=\"widget\" data-settings=\"{&quot;_ob_perspektive_use&quot;:&quot;no&quot;,&quot;_ob_shadough_use&quot;:&quot;no&quot;,&quot;_ob_allow_hoveranimator&quot;:&quot;no&quot;,&quot;_ob_widget_stalker_use&quot;:&quot;no&quot;}\" data-widget_type=\"icon-box.default\">\n<div class=\"elementor-widget-container\">\n<div class=\"elementor-icon-box-wrapper\">\n<div class=\"elementor-icon-box-content\">\n<div class=\"elementor-element elementor-element-607c6c3 elementor-vertical-align-middle elementor-widget__width-auto elementor-view-default elementor-widget elementor-widget-icon-box\" data-id=\"607c6c3\" data-element_type=\"widget\" data-settings=\"{&quot;_ob_perspektive_use&quot;:&quot;no&quot;,&quot;_ob_shadough_use&quot;:&quot;no&quot;,&quot;_ob_allow_hoveranimator&quot;:&quot;no&quot;,&quot;_ob_widget_stalker_use&quot;:&quot;no&quot;}\" data-widget_type=\"icon-box.default\">\n<div class=\"elementor-widget-container\">\n<div class=\"elementor-icon-box-wrapper\">\n<div class=\"elementor-icon-box-content\">\n<h3 class=\"elementor-icon-box-title\">Price per Person<\/h3>\n<p class=\"elementor-icon-box-description\">27 EUR<\/p>\n<\/div>\n<\/div>\n<\/div>\n<\/div>\n<\/div>\n<\/div>\n<\/div>\n<\/div>\n<p>[\/et_pb_text][\/et_pb_column][et_pb_column type=&#8221;1_3&#8243; _builder_version=&#8221;4.17.4&#8243; _module_preset=&#8221;default&#8221; custom_padding=&#8221;||||false|false&#8221; global_colors_info=&#8221;{}&#8221;][et_pb_button button_url=&#8221;\/en\/contact&#8221; button_text=&#8221;Reservation&#8221; button_alignment=&#8221;center&#8221; _builder_version=&#8221;4.17.4&#8243; _module_preset=&#8221;default&#8221; custom_button=&#8221;on&#8221; button_text_color=&#8221;#FFFFFF&#8221; button_bg_color=&#8221;#091133&#8243; button_border_width=&#8221;0px&#8221; button_font=&#8221;Lora|||on|||||&#8221; custom_padding=&#8221;15px|50px|15px|50px|true|false&#8221; global_colors_info=&#8221;{}&#8221;][\/et_pb_button][\/et_pb_column][\/et_pb_row][\/et_pb_section][et_pb_section fb_built=&#8221;1&#8243; _builder_version=&#8221;4.17.4&#8243; _module_preset=&#8221;default&#8221; custom_padding=&#8221;0px||0px||false|false&#8221; global_module=&#8221;232198&#8243; global_colors_info=&#8221;{}&#8221;][et_pb_row column_structure=&#8221;1_3,1_3,1_3&#8243; use_custom_gutter=&#8221;on&#8221; gutter_width=&#8221;1&#8243; make_equal=&#8221;on&#8221; _builder_version=&#8221;4.19.1&#8243; _module_preset=&#8221;default&#8221; width=&#8221;100%&#8221; max_width=&#8221;100%&#8221; custom_padding=&#8221;0px||0px|||&#8221; global_colors_info=&#8221;{}&#8221;][et_pb_column type=&#8221;1_3&#8243; _builder_version=&#8221;4.17.4&#8243; _module_preset=&#8221;default&#8221; use_background_color_gradient=&#8221;on&#8221; background_color_gradient_stops=&#8221;rgba(0,0,0,0.26) 0%|rgba(0,0,0,0.26) 100%&#8221; background_color_gradient_overlays_image=&#8221;on&#8221; background_image=&#8221;https:\/\/lipanovic.com\/wp-content\/uploads\/2022\/08\/Taste-Vis.jpg&#8221; custom_padding=&#8221;120px||120px||true|false&#8221; link_option_url=&#8221;https:\/\/lipanovic.com\/en\/taste-vis\/&#8221; global_colors_info=&#8221;{}&#8221; background__hover_enabled=&#8221;on|desktop&#8221; background_image__hover=&#8221;&#8221; background_enable_image__hover=&#8221;off&#8221; background_color__hover=&#8221;#091133&#8243; background_enable_color__hover=&#8221;on&#8221;][et_pb_text _builder_version=&#8221;4.17.4&#8243; _module_preset=&#8221;default&#8221; header_2_font=&#8221;Lora||||||||&#8221; header_2_text_align=&#8221;center&#8221; header_2_text_color=&#8221;#FFFFFF&#8221; header_2_font_size=&#8221;16px&#8221; header_2_letter_spacing=&#8221;7.8px&#8221; custom_margin=&#8221;||-1px|||&#8221; global_colors_info=&#8221;{}&#8221;]<\/p>\n<h2>BASIC VIS WINE EXPERIENCE<\/h2>\n<p>[\/et_pb_text][et_pb_text _builder_version=&#8221;4.17.4&#8243; _module_preset=&#8221;default&#8221; header_2_font=&#8221;Lora|500|||||||&#8221; header_2_text_align=&#8221;center&#8221; header_2_text_color=&#8221;#FFFFFF&#8221; header_2_font_size=&#8221;71px&#8221; custom_margin=&#8221;||-2px||false|false&#8221; global_colors_info=&#8221;{}&#8221; transform_styles__hover_enabled=&#8221;on|hover&#8221; transform_scale__hover_enabled=&#8221;on|hover&#8221; transform_translate__hover_enabled=&#8221;on|desktop&#8221; transform_rotate__hover_enabled=&#8221;on|desktop&#8221; transform_skew__hover_enabled=&#8221;on|desktop&#8221; transform_origin__hover_enabled=&#8221;on|desktop&#8221; transform_scale__hover=&#8221;110%|110%&#8221;]<\/p>\n<h2>Taste Vis<\/h2>\n<p>[\/et_pb_text][et_pb_icon font_icon=&#8221;&#x24;||divi||400&#8243; icon_color=&#8221;#FFFFFF&#8221; icon_width=&#8221;72px&#8221; _builder_version=&#8221;4.17.4&#8243; _module_preset=&#8221;default&#8221; global_colors_info=&#8221;{}&#8221; transform_styles__hover_enabled=&#8221;on|hover&#8221; transform_scale__hover_enabled=&#8221;on|hover&#8221; transform_translate__hover_enabled=&#8221;on|desktop&#8221; transform_rotate__hover_enabled=&#8221;on|desktop&#8221; transform_skew__hover_enabled=&#8221;on|desktop&#8221; transform_origin__hover_enabled=&#8221;on|desktop&#8221; transform_scale__hover=&#8221;110%|110%&#8221;][\/et_pb_icon][\/et_pb_column][et_pb_column type=&#8221;1_3&#8243; _builder_version=&#8221;4.17.4&#8243; _module_preset=&#8221;default&#8221; use_background_color_gradient=&#8221;on&#8221; background_color_gradient_stops=&#8221;rgba(0,0,0,0.26) 0%|rgba(0,0,0,0.26) 100%&#8221; background_color_gradient_overlays_image=&#8221;on&#8221; background_image=&#8221;https:\/\/lipanovic.com\/wp-content\/uploads\/2022\/08\/Feel-Vis2.jpg&#8221; custom_padding=&#8221;120px||120px||true|false&#8221; link_option_url=&#8221;https:\/\/lipanovic.com\/en\/feel-vis\/&#8221; global_colors_info=&#8221;{}&#8221; background__hover_enabled=&#8221;on|desktop&#8221; background_image__hover=&#8221;&#8221; background_enable_image__hover=&#8221;off&#8221; background_color__hover=&#8221;#091133&#8243; background_enable_color__hover=&#8221;on&#8221;][et_pb_text _builder_version=&#8221;4.17.4&#8243; _module_preset=&#8221;default&#8221; header_2_font=&#8221;Lora||||||||&#8221; header_2_text_align=&#8221;center&#8221; header_2_text_color=&#8221;#FFFFFF&#8221; header_2_font_size=&#8221;16px&#8221; header_2_letter_spacing=&#8221;7.8px&#8221; custom_margin=&#8221;||-1px|||&#8221; global_colors_info=&#8221;{}&#8221;]<\/p>\n<h2>VIS WINE EXPERIENCE <br \/>FOR CONNOISSEURS<\/h2>\n<p>[\/et_pb_text][et_pb_text _builder_version=&#8221;4.17.4&#8243; _module_preset=&#8221;default&#8221; header_2_font=&#8221;Lora|500|||||||&#8221; header_2_text_align=&#8221;center&#8221; header_2_text_color=&#8221;#FFFFFF&#8221; header_2_font_size=&#8221;71px&#8221; custom_margin=&#8221;||-2px||false|false&#8221; global_colors_info=&#8221;{}&#8221; transform_styles__hover_enabled=&#8221;on|hover&#8221; transform_scale__hover_enabled=&#8221;on|hover&#8221; transform_translate__hover_enabled=&#8221;on|desktop&#8221; transform_rotate__hover_enabled=&#8221;on|desktop&#8221; transform_skew__hover_enabled=&#8221;on|desktop&#8221; transform_origin__hover_enabled=&#8221;on|desktop&#8221; transform_scale__hover=&#8221;110%|110%&#8221;]<\/p>\n<h2>Feel Vis<\/h2>\n<p>[\/et_pb_text][et_pb_icon font_icon=&#8221;&#x24;||divi||400&#8243; icon_color=&#8221;#FFFFFF&#8221; icon_width=&#8221;72px&#8221; _builder_version=&#8221;4.17.4&#8243; _module_preset=&#8221;default&#8221; global_colors_info=&#8221;{}&#8221; transform_styles__hover_enabled=&#8221;on|hover&#8221; transform_scale__hover_enabled=&#8221;on|hover&#8221; transform_translate__hover_enabled=&#8221;on|desktop&#8221; transform_rotate__hover_enabled=&#8221;on|desktop&#8221; transform_skew__hover_enabled=&#8221;on|desktop&#8221; transform_origin__hover_enabled=&#8221;on|desktop&#8221; transform_scale__hover=&#8221;110%|110%&#8221;][\/et_pb_icon][\/et_pb_column][et_pb_column type=&#8221;1_3&#8243; _builder_version=&#8221;4.17.4&#8243; _module_preset=&#8221;default&#8221; use_background_color_gradient=&#8221;on&#8221; background_color_gradient_stops=&#8221;rgba(0,0,0,0.26) 0%|rgba(0,0,0,0.26) 100%&#8221; background_color_gradient_overlays_image=&#8221;on&#8221; background_image=&#8221;https:\/\/lipanovic.com\/wp-content\/uploads\/2022\/08\/Vintage-Vis.jpg&#8221; custom_padding=&#8221;120px||120px||true|false&#8221; link_option_url=&#8221;https:\/\/lipanovic.com\/en\/vintage-vis\/&#8221; global_colors_info=&#8221;{}&#8221; background__hover_enabled=&#8221;on|desktop&#8221; background_image__hover=&#8221;&#8221; background_enable_image__hover=&#8221;off&#8221; background_color__hover=&#8221;#091133&#8243; background_enable_color__hover=&#8221;on&#8221;][et_pb_text _builder_version=&#8221;4.19.1&#8243; _module_preset=&#8221;default&#8221; header_2_font=&#8221;Lora||||||||&#8221; header_2_text_align=&#8221;center&#8221; header_2_text_color=&#8221;#FFFFFF&#8221; header_2_font_size=&#8221;16px&#8221; header_2_letter_spacing=&#8221;7.8px&#8221; custom_margin=&#8221;||-1px|||&#8221; global_colors_info=&#8221;{}&#8221;]<\/p>\n<h2>BEST WINE EXPERIENCE VIS<br \/>HAS TO OFFER<\/h2>\n<p>[\/et_pb_text][et_pb_text _builder_version=&#8221;4.17.4&#8243; _module_preset=&#8221;default&#8221; header_2_font=&#8221;Lora|500|||||||&#8221; header_2_text_align=&#8221;center&#8221; header_2_text_color=&#8221;#FFFFFF&#8221; header_2_font_size=&#8221;71px&#8221; custom_margin=&#8221;||-2px||false|false&#8221; global_colors_info=&#8221;{}&#8221; transform_styles__hover_enabled=&#8221;on|hover&#8221; transform_scale__hover_enabled=&#8221;on|hover&#8221; transform_translate__hover_enabled=&#8221;on|desktop&#8221; transform_rotate__hover_enabled=&#8221;on|desktop&#8221; transform_skew__hover_enabled=&#8221;on|desktop&#8221; transform_origin__hover_enabled=&#8221;on|desktop&#8221; transform_scale__hover=&#8221;110%|110%&#8221;]<\/p>\n<h2>Vintage Vis<\/h2>\n<p>[\/et_pb_text][et_pb_icon font_icon=&#8221;&#x24;||divi||400&#8243; icon_color=&#8221;#FFFFFF&#8221; icon_width=&#8221;72px&#8221; _builder_version=&#8221;4.17.4&#8243; _module_preset=&#8221;default&#8221; global_colors_info=&#8221;{}&#8221; transform_styles__hover_enabled=&#8221;on|hover&#8221; transform_scale__hover_enabled=&#8221;on|hover&#8221; transform_translate__hover_enabled=&#8221;on|desktop&#8221; transform_rotate__hover_enabled=&#8221;on|desktop&#8221; transform_skew__hover_enabled=&#8221;on|desktop&#8221; transform_origin__hover_enabled=&#8221;on|desktop&#8221; transform_scale__hover=&#8221;110%|110%&#8221;][\/et_pb_icon][\/et_pb_column][\/et_pb_row][\/et_pb_section]<\/p>\n","protected":false},"excerpt":{"rendered":"<p>BASIC VIS WINE EXPERIENCETaste VisTASTE VIS is a basic tasting of unique Vis wines where you can expect&#8230; A visit to the wine cellar Even amateurs, when it comes to knowledge about winemaking, will be delighted to wander around the only wine cellar in the world housed in a World War II military tunnel. The [&hellip;]<\/p>\n","protected":false},"author":1,"featured_media":0,"parent":0,"menu_order":0,"comment_status":"closed","ping_status":"closed","template":"","meta":{"_et_pb_use_builder":"on","_et_pb_old_content":"","_et_gb_content_width":""},"yoast_head":"<!-- This site is optimized with the Yoast SEO plugin v19.11 - https:\/\/yoast.com\/wordpress\/plugins\/seo\/ -->\n<title>Taste Vis - Vinarija Lipanovi\u0107<\/title>\n<meta name=\"robots\" content=\"index, follow, max-snippet:-1, max-image-preview:large, max-video-preview:-1\" \/>\n<link rel=\"canonical\" href=\"https:\/\/lipanovic.com\/taste-vis\/\" \/>\n<meta property=\"og:locale\" content=\"en_US\" \/>\n<meta property=\"og:type\" content=\"article\" \/>\n<meta property=\"og:title\" content=\"Taste Vis - Vinarija Lipanovi\u0107\" \/>\n<meta property=\"og:description\" content=\"BASIC VIS WINE EXPERIENCETaste VisTASTE VIS is a basic tasting of unique Vis wines where you can expect... A visit to the wine cellar Even amateurs, when it comes to knowledge about winemaking, will be delighted to wander around the only wine cellar in the world housed in a World War II military tunnel. The [&hellip;]\" \/>\n<meta property=\"og:url\" content=\"https:\/\/lipanovic.com\/taste-vis\/\" \/>\n<meta property=\"og:site_name\" content=\"Vinarija Lipanovi\u0107\" \/>\n<meta property=\"article:modified_time\" content=\"2026-03-21T05:44:47+00:00\" \/>\n<meta name=\"twitter:card\" content=\"summary_large_image\" \/>\n<meta name=\"twitter:label1\" content=\"Est. reading time\" \/>\n\t<meta name=\"twitter:data1\" content=\"3 minutes\" \/>\n<script type=\"application\/ld+json\" class=\"yoast-schema-graph\">{\"@context\":\"https:\/\/schema.org\",\"@graph\":[{\"@type\":\"WebPage\",\"@id\":\"https:\/\/lipanovic.com\/taste-vis\/\",\"url\":\"https:\/\/lipanovic.com\/taste-vis\/\",\"name\":\"Taste Vis - Vinarija Lipanovi\u0107\",\"isPartOf\":{\"@id\":\"https:\/\/lipanovic.com\/#website\"},\"datePublished\":\"2022-08-12T04:46:11+00:00\",\"dateModified\":\"2026-03-21T05:44:47+00:00\",\"breadcrumb\":{\"@id\":\"https:\/\/lipanovic.com\/taste-vis\/#breadcrumb\"},\"inLanguage\":\"en-US\",\"potentialAction\":[{\"@type\":\"ReadAction\",\"target\":[\"https:\/\/lipanovic.com\/taste-vis\/\"]}]},{\"@type\":\"BreadcrumbList\",\"@id\":\"https:\/\/lipanovic.com\/taste-vis\/#breadcrumb\",\"itemListElement\":[{\"@type\":\"ListItem\",\"position\":1,\"name\":\"Po\u010detna stranica\",\"item\":\"https:\/\/lipanovic.com\/en\/\"},{\"@type\":\"ListItem\",\"position\":2,\"name\":\"Taste Vis\"}]},{\"@type\":\"WebSite\",\"@id\":\"https:\/\/lipanovic.com\/#website\",\"url\":\"https:\/\/lipanovic.com\/\",\"name\":\"Vinarija Lipanovi\u0107\",\"description\":\"\",\"potentialAction\":[{\"@type\":\"SearchAction\",\"target\":{\"@type\":\"EntryPoint\",\"urlTemplate\":\"https:\/\/lipanovic.com\/?s={search_term_string}\"},\"query-input\":\"required name=search_term_string\"}],\"inLanguage\":\"en-US\"}]}<\/script>\n<!-- \/ Yoast SEO plugin. -->","yoast_head_json":{"title":"Taste Vis - Vinarija Lipanovi\u0107","robots":{"index":"index","follow":"follow","max-snippet":"max-snippet:-1","max-image-preview":"max-image-preview:large","max-video-preview":"max-video-preview:-1"},"canonical":"https:\/\/lipanovic.com\/taste-vis\/","og_locale":"en_US","og_type":"article","og_title":"Taste Vis - Vinarija Lipanovi\u0107","og_description":"BASIC VIS WINE EXPERIENCETaste VisTASTE VIS is a basic tasting of unique Vis wines where you can expect... A visit to the wine cellar Even amateurs, when it comes to knowledge about winemaking, will be delighted to wander around the only wine cellar in the world housed in a World War II military tunnel. The [&hellip;]","og_url":"https:\/\/lipanovic.com\/taste-vis\/","og_site_name":"Vinarija Lipanovi\u0107","article_modified_time":"2026-03-21T05:44:47+00:00","twitter_card":"summary_large_image","twitter_misc":{"Est. reading time":"3 minutes"},"schema":{"@context":"https:\/\/schema.org","@graph":[{"@type":"WebPage","@id":"https:\/\/lipanovic.com\/taste-vis\/","url":"https:\/\/lipanovic.com\/taste-vis\/","name":"Taste Vis - Vinarija Lipanovi\u0107","isPartOf":{"@id":"https:\/\/lipanovic.com\/#website"},"datePublished":"2022-08-12T04:46:11+00:00","dateModified":"2026-03-21T05:44:47+00:00","breadcrumb":{"@id":"https:\/\/lipanovic.com\/taste-vis\/#breadcrumb"},"inLanguage":"en-US","potentialAction":[{"@type":"ReadAction","target":["https:\/\/lipanovic.com\/taste-vis\/"]}]},{"@type":"BreadcrumbList","@id":"https:\/\/lipanovic.com\/taste-vis\/#breadcrumb","itemListElement":[{"@type":"ListItem","position":1,"name":"Po\u010detna stranica","item":"https:\/\/lipanovic.com\/en\/"},{"@type":"ListItem","position":2,"name":"Taste Vis"}]},{"@type":"WebSite","@id":"https:\/\/lipanovic.com\/#website","url":"https:\/\/lipanovic.com\/","name":"Vinarija Lipanovi\u0107","description":"","potentialAction":[{"@type":"SearchAction","target":{"@type":"EntryPoint","urlTemplate":"https:\/\/lipanovic.com\/?s={search_term_string}"},"query-input":"required name=search_term_string"}],"inLanguage":"en-US"}]}},"_links":{"self":[{"href":"https:\/\/lipanovic.com\/en\/wp-json\/wp\/v2\/pages\/232206"}],"collection":[{"href":"https:\/\/lipanovic.com\/en\/wp-json\/wp\/v2\/pages"}],"about":[{"href":"https:\/\/lipanovic.com\/en\/wp-json\/wp\/v2\/types\/page"}],"author":[{"embeddable":true,"href":"https:\/\/lipanovic.com\/en\/wp-json\/wp\/v2\/users\/1"}],"replies":[{"embeddable":true,"href":"https:\/\/lipanovic.com\/en\/wp-json\/wp\/v2\/comments?post=232206"}],"version-history":[{"count":15,"href":"https:\/\/lipanovic.com\/en\/wp-json\/wp\/v2\/pages\/232206\/revisions"}],"predecessor-version":[{"id":232994,"href":"https:\/\/lipanovic.com\/en\/wp-json\/wp\/v2\/pages\/232206\/revisions\/232994"}],"wp:attachment":[{"href":"https:\/\/lipanovic.com\/en\/wp-json\/wp\/v2\/media?parent=232206"}],"curies":[{"name":"wp","href":"https:\/\/api.w.org\/{rel}","templated":true}]}}